{"id":115,"date":"2021-09-19T11:30:49","date_gmt":"2021-09-19T11:30:49","guid":{"rendered":"https:\/\/emptyspacetemple.com\/?page_id=115"},"modified":"2025-10-12T13:25:49","modified_gmt":"2025-10-12T13:25:49","slug":"est-sweden","status":"publish","type":"page","link":"https:\/\/emptyspacetemple.com\/index.php\/est-sweden\/","title":{"rendered":"EMPTY SPACE TEMPLE &#8211; Sweden"},"content":{"rendered":"\n<div style=\"height:100px\" aria-hidden=\"true\" class=\"wp-block-spacer\"><\/div>\n\n\n\n<p><\/p>\n\n\n\n<h2 class=\"wp-block-heading has-text-align-left\">Vad \u00e4r <br>EMPTY SPACE TEMPLE?<\/h2>\n\n\n\n<p class=\"has-text-align-left\">EMPTY SPACE TEMPLE \u00e4r ett icke-religi\u00f6st eller inter-religi\u00f6st andligt samfund som vill fylla ett tomrum i det sekul\u00e4ra samh\u00e4llet d\u00e4r det saknas gemensamma plattformar och m\u00f6tesplatser. Vi vill erbjuda platser i samh\u00e4llet, i den digitala v\u00e4rlden och i och med fysiska lokaler \u2013 tomrum \u2013 d\u00e4r vi kan utvecklas mot st\u00f6rre visdom, insikt och kunskap. Platser f\u00f6r gemenskap, engagemang, kontemplation, ceremonier och existentiella samtal. Vi vill verka f\u00f6r att lokalavdelningar skapas och att lokalf\u00f6rening etablerar en lokal fysisk m\u00f6teslokal. <\/p>\n\n\n\n<p><\/p>\n\n\n\n<p><\/p>\n\n\n\n<p><\/p>\n\n\n\n<p><\/p>\n\n\n\n<div style=\"height:132px\" aria-hidden=\"true\" class=\"wp-block-spacer\"><\/div>\n\n\n\n<figure class=\"wp-block-image size-full\"><img loading=\"lazy\" decoding=\"async\" width=\"706\" height=\"1490\" src=\"https:\/\/emptyspacetemple.com\/wp-content\/uploads\/2024\/06\/Skarmavbild-2024-06-27-kl.-21.52.35.png\" alt=\"\" class=\"wp-image-206\" srcset=\"https:\/\/emptyspacetemple.com\/wp-content\/uploads\/2024\/06\/Skarmavbild-2024-06-27-kl.-21.52.35.png 706w, https:\/\/emptyspacetemple.com\/wp-content\/uploads\/2024\/06\/Skarmavbild-2024-06-27-kl.-21.52.35-142x300.png 142w, https:\/\/emptyspacetemple.com\/wp-content\/uploads\/2024\/06\/Skarmavbild-2024-06-27-kl.-21.52.35-485x1024.png 485w\" sizes=\"auto, (max-width: 706px) 100vw, 706px\" \/><\/figure>\n\n\n\n<p><\/p>\n\n\n\n<p><\/p>\n\n\n\n<figure class=\"wp-block-image size-large is-resized\"><img loading=\"lazy\" decoding=\"async\" width=\"1024\" height=\"358\" src=\"https:\/\/emptyspacetemple.com\/wp-content\/uploads\/2021\/06\/cropped-cropped-cropped-Ska\u0308rmavbild-2021-06-08-kl.-12.15.41-1024x358.png\" alt=\"\" class=\"wp-image-72\" style=\"width:380px;height:auto\" srcset=\"https:\/\/emptyspacetemple.com\/wp-content\/uploads\/2021\/06\/cropped-cropped-cropped-Ska\u0308rmavbild-2021-06-08-kl.-12.15.41-1024x358.png 1024w, https:\/\/emptyspacetemple.com\/wp-content\/uploads\/2021\/06\/cropped-cropped-cropped-Ska\u0308rmavbild-2021-06-08-kl.-12.15.41-300x105.png 300w, https:\/\/emptyspacetemple.com\/wp-content\/uploads\/2021\/06\/cropped-cropped-cropped-Ska\u0308rmavbild-2021-06-08-kl.-12.15.41-768x269.png 768w, https:\/\/emptyspacetemple.com\/wp-content\/uploads\/2021\/06\/cropped-cropped-cropped-Ska\u0308rmavbild-2021-06-08-kl.-12.15.41-1536x538.png 1536w, https:\/\/emptyspacetemple.com\/wp-content\/uploads\/2021\/06\/cropped-cropped-cropped-Ska\u0308rmavbild-2021-06-08-kl.-12.15.41.png 2000w\" sizes=\"auto, (max-width: 1024px) 100vw, 1024px\" \/><\/figure>\n\n\n\n<h2 class=\"wp-block-heading\"><\/h2>\n\n\n\n<h2 class=\"wp-block-heading\"><\/h2>\n\n\n\n<h2 class=\"wp-block-heading has-text-align-center\">Var finns <br>EMPTY SPACE TEMPLE <br>i Sverige?<\/h2>\n\n\n\n<p class=\"has-text-align-center\">EMPTY SPACE TEMPLE \u00e4r ett rikst\u00e4ckande samfund <br>med olika lokalf\u00f6reningar.<br><br>F\u00f6r kontakt maila <strong>est-sweden@emptyspacetemple.com<\/strong><\/p>\n\n\n\n<p class=\"has-text-align-center\">Riksst\u00e4mma h\u00e5lls som hybridm\u00f6te tredje l\u00f6rdagen i januari. <br>F\u00f6r mer info om tid &amp; plats \/ l\u00e4nk samt anm\u00e4lan, mejla till: <br>est-sweden@emptyspacetemple.com<\/p>\n\n\n\n<div style=\"height:24px\" aria-hidden=\"true\" class=\"wp-block-spacer\"><\/div>\n\n\n\n<p class=\"has-text-align-center\">Lokalf\u00f6reningen <strong>Tomrummet &#8211; Uddebo<\/strong> <br>s\u00f6ker plats f\u00f6r att kunna \u00f6ppna ett tomrum.<\/p>\n\n\n\n<p class=\"has-text-align-center\">F\u00f6lj lokalf\u00f6reningen i facebook-gruppen<\/p>\n\n\n\n<p class=\"has-text-align-center\"> <strong><a rel=\"noreferrer noopener\" href=\"https:\/\/www.facebook.com\/groups\/321799619534645\" data-type=\"URL\" data-id=\"https:\/\/www.facebook.com\/groups\/321799619534645\" target=\"_blank\">Tomrummet-Uddebo<\/a>.<\/strong><\/p>\n\n\n\n<h2 class=\"wp-block-heading has-text-align-center\"><\/h2>\n\n\n\n<p><\/p>\n\n\n\n<p><\/p>\n\n\n\n<p><\/p>\n\n\n\n<p class=\"has-text-align-center\">I <strong>G\u00f6teborg<\/strong> finns ett EST-n\u00e4tverk.<\/p>\n\n\n\n<p class=\"has-text-align-center\">F\u00f6lj vad som h\u00e4nder i g\u00f6teborgsn\u00e4tverket i facebook-gruppen<\/p>\n\n\n\n<p class=\"has-text-align-center\"><strong><a href=\"https:\/\/www.facebook.com\/groups\/540603327279414\" data-type=\"URL\" data-id=\"https:\/\/www.facebook.com\/groups\/540603327279414\">Tomrummet-G\u00f6teborg<\/a><\/strong><\/p>\n\n\n\n<p class=\"has-text-align-center\">eller mejla till goteborg@emptyspacetemple.com<\/p>\n\n\n\n<h2 class=\"wp-block-heading\"><\/h2>\n\n\n\n<p><\/p>\n\n\n\n<p class=\"has-text-align-center\">I <strong>Stockholm<\/strong> finns ett EST-n\u00e4tverk.<\/p>\n\n\n\n<p class=\"has-text-align-center\">F\u00f6lj vad som h\u00e4nder i stockholmsn\u00e4tverket i facebook-gruppen<\/p>\n\n\n\n<p class=\"has-text-align-center\"><a href=\"https:\/\/www.facebook.com\/groups\/3179179295710540\" data-type=\"link\" data-id=\"https:\/\/www.facebook.com\/groups\/3179179295710540\"><strong>EST-n\u00e4t \u00d6st<\/strong><\/a><br><\/p>\n\n\n\n<p class=\"has-text-align-center\">eller mejla till stockholm@emptyspacetemple.com<\/p>\n\n\n\n<p><\/p>\n\n\n\n<div style=\"height:27px\" aria-hidden=\"true\" class=\"wp-block-spacer\"><\/div>\n\n\n\n<h2 class=\"wp-block-heading\"><\/h2>\n\n\n\n<p class=\"has-text-align-center\">I <strong>Dalby<\/strong> \u00e4r ett tomrum p\u00e5 g\u00e5ng och utanf\u00f6r <strong>Valdemarsvik<\/strong> finns ett tomrum.  Intresserade finns \u00e4ven i <strong>Bor\u00e5s<\/strong>, <strong>Landskrona<\/strong>, <strong>Norrk\u00f6ping<\/strong> och <strong>Kalmar<\/strong>.<\/p>\n\n\n\n<p class=\"has-text-align-center\">Om du ocks\u00e5 \u00e4r intresserad av att vara med s\u00e5 mejla till <br><strong>est-sweden@emptyspacetemple.com <\/strong><br><\/p>\n\n\n\n<p class=\"has-text-align-center\"><br><\/p>\n\n\n\n<div style=\"height:21px\" aria-hidden=\"true\" class=\"wp-block-spacer\"><\/div>\n\n\n\n<p><\/p>\n\n\n\n<p><\/p>\n\n\n\n<h2 class=\"wp-block-heading\"><\/h2>\n\n\n\n<div style=\"height:109px\" aria-hidden=\"true\" class=\"wp-block-spacer\"><\/div>\n\n\n\n<h2 class=\"wp-block-heading\"><\/h2>\n\n\n\n<h2 class=\"wp-block-heading\">Hur blir jag medlem i Tomrummet \/ EMPTY SPACE TEMPLE?<\/h2>\n\n\n\n<p>Genom att bli medlem i EMPTY SPACE TEMPLE s\u00e5 m\u00f6jligg\u00f6r du \u00f6ppnandet av lokal f\u00f6r Tomrummet. Medlemsavgifterna g\u00e5r till lokalhyra f\u00f6r Tomrummet i den lokalf\u00f6rening som du bli medlem i. <\/p>\n\n\n\n<p><br>Swisha till 1234353579 f\u00f6r att bli medlem i Tomrummet &#8211; Uddebo.<br>Ange namn, bostadsort + mailadress vid betalningen.<br>Alla ska ha r\u00e5d att vara medlemmar s\u00e5 medlemsavgiften \u00e4r satt till 100-500 kr\/\u00e5r beroende p\u00e5 inkomst. Dvs du betalar efter egen f\u00f6rm\u00e5ga.<\/p>\n\n\n\n<p><\/p>\n\n\n\n<p><\/p>\n\n\n\n<div style=\"height:73px\" aria-hidden=\"true\" class=\"wp-block-spacer\"><\/div>\n\n\n\n<p><\/p>\n\n\n\n<p class=\"has-text-align-center\">EMPTY SPACE TEMPLE \u00e4r registrerat som trossamfund hos Kammarkollegiet. Genom att bli medlem i n\u00e5gon ansluten lokalf\u00f6rening s\u00e5 blir du ocks\u00e5 medlem i samfundet. <br>EMPTY SPACE TEMPLE vilar inte p\u00e5 n\u00e5gon given uttalad tro eller specifik fr\u00e5nvaro av tro utan \u00e4r ett samfund som \u00e4r \u00f6ppet f\u00f6r alla. Tron \u00e4r att tilltro och \u00f6ppenhet \u00e4r viktigt f\u00f6r gemensamt meningsskapande, vilket framg\u00e5r i det korta manifest som finns att l\u00e4sa nedan.<\/p>\n\n\n\n<p><\/p>\n\n\n\n<p><\/p>\n\n\n\n<div style=\"height:79px\" aria-hidden=\"true\" class=\"wp-block-spacer\"><\/div>\n\n\n\n<p><\/p>\n\n\n\n<figure class=\"wp-block-image size-full\"><img loading=\"lazy\" decoding=\"async\" width=\"924\" height=\"692\" src=\"https:\/\/emptyspacetemple.com\/wp-content\/uploads\/2021\/09\/Ska\u0308rmavbild-2021-09-19-kl.-14.24.56.png\" alt=\"\" class=\"wp-image-139\" srcset=\"https:\/\/emptyspacetemple.com\/wp-content\/uploads\/2021\/09\/Ska\u0308rmavbild-2021-09-19-kl.-14.24.56.png 924w, https:\/\/emptyspacetemple.com\/wp-content\/uploads\/2021\/09\/Ska\u0308rmavbild-2021-09-19-kl.-14.24.56-300x225.png 300w, https:\/\/emptyspacetemple.com\/wp-content\/uploads\/2021\/09\/Ska\u0308rmavbild-2021-09-19-kl.-14.24.56-768x575.png 768w\" sizes=\"auto, (max-width: 924px) 100vw, 924px\" \/><\/figure>\n\n\n\n<h2 class=\"wp-block-heading\"><\/h2>\n\n\n\n<div style=\"height:244px\" aria-hidden=\"true\" class=\"wp-block-spacer\"><\/div>\n\n\n\n<h2 class=\"wp-block-heading has-text-align-center\">Det Tomma Manifestet<\/h2>\n\n\n\n<h3 class=\"wp-block-heading has-text-align-left\"><em>Tro<\/em><\/h3>\n\n\n<div class=\"wp-block-image\">\n<figure class=\"alignleft size-full is-resized\"><img loading=\"lazy\" decoding=\"async\" width=\"812\" height=\"672\" src=\"https:\/\/emptyspacetemple.com\/wp-content\/uploads\/2021\/06\/Ska\u0308rmavbild-2021-06-09-kl.-11.54.01.png\" alt=\"\" class=\"wp-image-98\" style=\"width:86px;height:71px\" srcset=\"https:\/\/emptyspacetemple.com\/wp-content\/uploads\/2021\/06\/Ska\u0308rmavbild-2021-06-09-kl.-11.54.01.png 812w, https:\/\/emptyspacetemple.com\/wp-content\/uploads\/2021\/06\/Ska\u0308rmavbild-2021-06-09-kl.-11.54.01-300x248.png 300w, https:\/\/emptyspacetemple.com\/wp-content\/uploads\/2021\/06\/Ska\u0308rmavbild-2021-06-09-kl.-11.54.01-768x636.png 768w\" sizes=\"auto, (max-width: 812px) 100vw, 812px\" \/><\/figure>\n<\/div>\n\n\n<p><em>Vi tror p\u00e5 tilltro utan tro och att det kan finnas tillit och insikt i tomhet. Vi tror att Alltet kan h\u00e4rb\u00e4rgeras i tomrummet och att \u2019Intet\u2019 finns \u00f6verallt. Intet kan aldrig skada, bara N\u00e5got kan tillintetg\u00f6ra. Vi tror att alla trosf\u00f6rest\u00e4llningar \u00e4r tomma, men ocks\u00e5 att tomheten kan vara meningsfull. I universums ofantliga m\u00e4ngder av ingenting finns ofattbara massor. Och mellan begreppen &nbsp;existens och icke-existens, mellan Allt och Intet, finns ett andrum d\u00e4r vi undrar och ser till gr\u00e4nsen f\u00f6r v\u00e5rt vetande. D\u00e4r i Tomrummet blir trosf\u00f6rest\u00e4llningar till teater.<\/em><\/p>\n\n\n\n<h3 class=\"wp-block-heading\"><em>Symbol<\/em><\/h3>\n\n\n<div class=\"wp-block-image\">\n<figure class=\"alignleft size-full is-resized\"><img loading=\"lazy\" decoding=\"async\" width=\"574\" height=\"532\" src=\"https:\/\/emptyspacetemple.com\/wp-content\/uploads\/2021\/06\/Ska\u0308rmavbild-2021-06-09-kl.-12.22.25.png\" alt=\"\" class=\"wp-image-105\" style=\"width:85px;height:78px\" srcset=\"https:\/\/emptyspacetemple.com\/wp-content\/uploads\/2021\/06\/Ska\u0308rmavbild-2021-06-09-kl.-12.22.25.png 574w, https:\/\/emptyspacetemple.com\/wp-content\/uploads\/2021\/06\/Ska\u0308rmavbild-2021-06-09-kl.-12.22.25-300x278.png 300w\" sizes=\"auto, (max-width: 574px) 100vw, 574px\" \/><\/figure>\n<\/div>\n\n\n<p><em>V\u00e5r symbol \u00e4r en svart cirkel med en liten vit stj\u00e4rna i cirkelns mittpunkt. Cirkeln (nollan) representerar tomheten och tomrummet som representerar \u00f6ppenhet. Stj\u00e4rnan representerar ett h\u00e5l i symbolen som till\u00e5ter sinnesintrycket av ljus att passera igenom och belysa att \u00e4ven symbolen \u00e4r tom. Den \u00f6kande medvetenheten om detta kan skapa inkluderande koncentriska cirklar. I verkligheten finns inga cirklar. Symboler \u00e4r illusioner. Perfekta cirklar finns endast i matematikens och id\u00e9ernas v\u00e4rld. I verkligheten finns en om\u00e4tbar r\u00f6rlighet och i de minsta best\u00e5ndsdelarna finns mellanrum och m\u00e4ngder av ingenting; \u00e4ven i oss, i vad vi varit och ska bli. Tomrummet \u00e4r v\u00e5r gemensamma rymd och den \u00e4r \u00f6ppen f\u00f6r alla.<\/em><\/p>\n\n\n\n<h3 class=\"wp-block-heading\"><em>Tempel<\/em><\/h3>\n\n\n<div class=\"wp-block-image\">\n<figure class=\"alignleft size-full is-resized\"><img loading=\"lazy\" decoding=\"async\" width=\"754\" height=\"542\" src=\"https:\/\/emptyspacetemple.com\/wp-content\/uploads\/2021\/06\/Ska\u0308rmavbild-2021-06-09-kl.-12.10.43.png\" alt=\"\" class=\"wp-image-99\" style=\"width:125px;height:89px\" srcset=\"https:\/\/emptyspacetemple.com\/wp-content\/uploads\/2021\/06\/Ska\u0308rmavbild-2021-06-09-kl.-12.10.43.png 754w, https:\/\/emptyspacetemple.com\/wp-content\/uploads\/2021\/06\/Ska\u0308rmavbild-2021-06-09-kl.-12.10.43-300x216.png 300w\" sizes=\"auto, (max-width: 754px) 100vw, 754px\" \/><\/figure>\n<\/div>\n\n\n<p><em>En tom lokal kan bli en tempelrymd. Detta tomrum \u00e4r inte en tillflyktsort fr\u00e5n livet. Rymden finns i livet, livet finns i yttre rymden. Tomrummet blir en plats d\u00e4r vi tillsammans eller sj\u00e4lva men inom en gemenskap kan sammantr\u00e4ffa, samtj\u00e4na och finna grund och fotf\u00e4ste i m\u00f6rkret. L\u00e4ngst in i Tomrummet kan vi offra v\u00e5ra f\u00f6rest\u00e4llningar och sj\u00e4lva bli ett tomt tempel f\u00f6r verkligheten att manifestera sig igenom. N\u00e4r vi ser att det \u00e4r som det \u00e4r kan vi k\u00e4nna b\u00e4van och v\u00f6rdnad inf\u00f6r v\u00e4rldsalltet och varat. Tomrummet kan fyllas med ljus eller n\u00e4stan vad som helst, f\u00f6r att sedan \u00e5ter t\u00f6mmas. Som ett andetag. Allting finns i tomheten, eller tv\u00e4rtom.<\/em><\/p>\n\n\n\n<h3 class=\"wp-block-heading\"><em>Praktik<\/em><\/h3>\n\n\n<div class=\"wp-block-image\">\n<figure class=\"alignleft size-full is-resized\"><img loading=\"lazy\" decoding=\"async\" width=\"606\" height=\"520\" src=\"https:\/\/emptyspacetemple.com\/wp-content\/uploads\/2021\/06\/Ska\u0308rmavbild-2021-06-09-kl.-12.18.41.png\" alt=\"\" class=\"wp-image-101\" style=\"width:83px;height:71px\" srcset=\"https:\/\/emptyspacetemple.com\/wp-content\/uploads\/2021\/06\/Ska\u0308rmavbild-2021-06-09-kl.-12.18.41.png 606w, https:\/\/emptyspacetemple.com\/wp-content\/uploads\/2021\/06\/Ska\u0308rmavbild-2021-06-09-kl.-12.18.41-300x257.png 300w\" sizes=\"auto, (max-width: 606px) 100vw, 606px\" \/><\/figure>\n<\/div>\n\n\n<p><em>Praktik uppst\u00e5r, liksom alla system, ordningar och strukturer. I praktiken m\u00f6ts vi. D\u00e4r f\u00f6rbeh\u00e5ller vi oss friheten att inspireras av olika visdomstraditioner. En slags praktik \u00e4r den tomhetsmeditation som kan anv\u00e4ndas f\u00f6r att inta Tomrummets gemensamma rymd. B\u00f6rja med att f\u00f6rest\u00e4lla dig en liten vit stj\u00e4rna i tomrummet och placera uppm\u00e4rksamheten p\u00e5 detta lilla imagin\u00e4ra objekt. F\u00f6rankra upplevelsen i f\u00f6rest\u00e4llningen av stj\u00e4rnan och h\u00e5ll kvar uppm\u00e4rksamheten d\u00e4r under den tidsrymd eller de tidsrymder det tar att stabilisera uppm\u00e4rksamheten. Ta sedan bort den inre bilden av stj\u00e4rnan eller id\u00e9n om ett observerande subjekt. Tomrummet som blir \u00e4r vi.<\/em><\/p>\n\n\n\n<h3 class=\"wp-block-heading\"><em>Engagemang<\/em><\/h3>\n\n\n<div class=\"wp-block-image\">\n<figure class=\"alignleft size-full is-resized\"><img loading=\"lazy\" decoding=\"async\" width=\"834\" height=\"560\" src=\"https:\/\/emptyspacetemple.com\/wp-content\/uploads\/2021\/06\/Ska\u0308rmavbild-2021-06-09-kl.-12.10.22.png\" alt=\"\" class=\"wp-image-102\" style=\"width:116px;height:78px\" srcset=\"https:\/\/emptyspacetemple.com\/wp-content\/uploads\/2021\/06\/Ska\u0308rmavbild-2021-06-09-kl.-12.10.22.png 834w, https:\/\/emptyspacetemple.com\/wp-content\/uploads\/2021\/06\/Ska\u0308rmavbild-2021-06-09-kl.-12.10.22-300x201.png 300w, https:\/\/emptyspacetemple.com\/wp-content\/uploads\/2021\/06\/Ska\u0308rmavbild-2021-06-09-kl.-12.10.22-768x516.png 768w\" sizes=\"auto, (max-width: 834px) 100vw, 834px\" \/><\/figure>\n<\/div>\n\n\n<p><em>Tomrummet \u00e4r en metafor f\u00f6r ett medvetet tillst\u00e5nd som \u00e4r t\u00f6mt p\u00e5 dualismer och dogmer, men inte fritt fr\u00e5n v\u00e4rderande. Liv i universum omfattar medvetande som kan v\u00e4rdes\u00e4tta liv i universum. Medvetande m\u00f6jligg\u00f6r engagerat medk\u00e4nnande. Vi fr\u00e4mjar detta, s\u00f6ker kunskap och agerar i v\u00e4rlden. Men detta manifest inneh\u00e5ller ingen information om ut\u00f6vares manifestationer av den heliga tomheten inom och genom sig sj\u00e4lva i den yttre v\u00e4rlden utanf\u00f6r Tomrummet, i stillhet och handling, i tal, tysthet och tomt prat, i interaktiv interpassivitet,&nbsp; i v\u00e4ntrum och mellanrum, f\u00f6r det \u00e4r Intet f\u00f6r Intet som Allting<\/em><\/p>\n\n\n\n<div data-wp-interactive=\"core\/file\" class=\"wp-block-file\"><object data-wp-bind--hidden=\"!state.hasPdfPreview\" hidden class=\"wp-block-file__embed\" data=\"https:\/\/emptyspacetemple.com\/wp-content\/uploads\/2025\/10\/2024-Stadgar-for-EST.pdf\" type=\"application\/pdf\" style=\"width:100%;height:600px\" aria-label=\"Embed of 2024 Stadgar fo\u0308r EST.\"><\/object><a id=\"wp-block-file--media-8c1bca1f-cf66-41ac-be90-9a268cae3ba4\" href=\"https:\/\/emptyspacetemple.com\/wp-content\/uploads\/2025\/10\/2024-Stadgar-for-EST.pdf\">2024 Stadgar fo\u0308r EST<\/a><a href=\"https:\/\/emptyspacetemple.com\/wp-content\/uploads\/2025\/10\/2024-Stadgar-for-EST.pdf\" class=\"wp-block-file__button wp-element-button\" download aria-describedby=\"wp-block-file--media-8c1bca1f-cf66-41ac-be90-9a268cae3ba4\">Download<\/a><\/div>\n","protected":false},"excerpt":{"rendered":"<p>Vad \u00e4r EMPTY SPACE TEMPLE? EMPTY SPACE TEMPLE \u00e4r ett icke-religi\u00f6st eller inter-religi\u00f6st andligt samfund som vill fylla ett tomrum i det sekul\u00e4ra samh\u00e4llet d\u00e4r det saknas gemensamma plattformar och m\u00f6tesplatser. Vi vill erbjuda platser i samh\u00e4llet, i den digitala v\u00e4rlden och i och med fysiska lokaler \u2013 tomrum \u2013 d\u00e4r vi kan utvecklas mot<a class=\"more-link\" href=\"https:\/\/emptyspacetemple.com\/index.php\/est-sweden\/\">Continue reading <span class=\"screen-reader-text\">&#8220;EMPTY SPACE TEMPLE &#8211; Sweden&#8221;<\/span><\/a><\/p>\n","protected":false},"author":1,"featured_media":0,"parent":0,"menu_order":0,"comment_status":"closed","ping_status":"closed","template":"","meta":{"footnotes":""},"class_list":["post-115","page","type-page","status-publish","hentry","entry"],"_links":{"self":[{"href":"https:\/\/emptyspacetemple.com\/index.php\/wp-json\/wp\/v2\/pages\/115","targetHints":{"allow":["GET"]}}],"collection":[{"href":"https:\/\/emptyspacetemple.com\/index.php\/wp-json\/wp\/v2\/pages"}],"about":[{"href":"https:\/\/emptyspacetemple.com\/index.php\/wp-json\/wp\/v2\/types\/page"}],"author":[{"embeddable":true,"href":"https:\/\/emptyspacetemple.com\/index.php\/wp-json\/wp\/v2\/users\/1"}],"replies":[{"embeddable":true,"href":"https:\/\/emptyspacetemple.com\/index.php\/wp-json\/wp\/v2\/comments?post=115"}],"version-history":[{"count":55,"href":"https:\/\/emptyspacetemple.com\/index.php\/wp-json\/wp\/v2\/pages\/115\/revisions"}],"predecessor-version":[{"id":249,"href":"https:\/\/emptyspacetemple.com\/index.php\/wp-json\/wp\/v2\/pages\/115\/revisions\/249"}],"wp:attachment":[{"href":"https:\/\/emptyspacetemple.com\/index.php\/wp-json\/wp\/v2\/media?parent=115"}],"curies":[{"name":"wp","href":"https:\/\/api.w.org\/{rel}","templated":true}]}}